{"id":132,"date":"2024-08-05T14:34:41","date_gmt":"2024-08-05T12:34:41","guid":{"rendered":"https:\/\/kdanse-villemoisson.fr\/?page_id=132"},"modified":"2025-11-12T11:51:34","modified_gmt":"2025-11-12T10:51:34","slug":"lassociation","status":"publish","type":"page","link":"https:\/\/kdanse-villemoisson.fr\/index.php\/lassociation\/","title":{"rendered":"L&rsquo;association"},"content":{"rendered":"\n<div class=\"wp-block-cover alignfull\"><span aria-hidden=\"true\" class=\"wp-block-cover__background has-black-background-color has-background-dim\"><\/span><img loading=\"lazy\" decoding=\"async\" width=\"2000\" height=\"800\" class=\"wp-block-cover__image-background wp-image-27\" alt=\"\" src=\"https:\/\/kdanse-villemoisson.fr\/wp-content\/uploads\/2024\/08\/1.png\" style=\"object-position:48% 18%\" data-object-fit=\"cover\" data-object-position=\"48% 18%\" srcset=\"https:\/\/kdanse-villemoisson.fr\/wp-content\/uploads\/2024\/08\/1.png 2000w, https:\/\/kdanse-villemoisson.fr\/wp-content\/uploads\/2024\/08\/1-300x120.png 300w, https:\/\/kdanse-villemoisson.fr\/wp-content\/uploads\/2024\/08\/1-1024x410.png 1024w, https:\/\/kdanse-villemoisson.fr\/wp-content\/uploads\/2024\/08\/1-768x307.png 768w, https:\/\/kdanse-villemoisson.fr\/wp-content\/uploads\/2024\/08\/1-1536x614.png 1536w\" sizes=\"(max-width: 2000px) 100vw, 2000px\" \/><div class=\"wp-block-cover__inner-container is-layout-constrained wp-block-cover-is-layout-constrained\">\n<p class=\"has-text-align-center has-large-font-size\">L&rsquo;ASSOCIATION<\/p>\n<\/div><\/div>\n\n\n\n<div class=\"wp-block-columns is-layout-flex wp-container-core-columns-is-layout-2 wp-block-columns-is-layout-flex\">\n<div class=\"wp-block-column is-layout-flow wp-block-column-is-layout-flow\" style=\"flex-basis:33.33%\">\n<figure class=\"wp-block-pullquote\" style=\"margin-top:0;margin-bottom:0;padding-top:0;padding-bottom:0\"><blockquote><p>Du travail, de la rigueur et&#8230; avant tout du plaisir!<\/p><\/blockquote><\/figure>\n<\/div>\n\n\n\n<div class=\"wp-block-column is-layout-flow wp-block-column-is-layout-flow\" style=\"flex-basis:66.66%\">\n<p><\/p>\n\n\n\n<p>K\u2019danse est la plus ancienne association de danse de Villemoisson. Depuis sa cr\u00e9ation en 1979, elle n\u2019a cess\u00e9 de se d\u00e9velopper pour accueillir de nouvelles disciplines \u00e0 faire d\u00e9couvrir \u00e0 ses \u00e9l\u00e8ves. Quels que soient votre \u00e2ge et votre niveau, vous trouverez immanquablement un cours qui vous correspondra!<\/p>\n\n\n\n<p>L\u2019association est tr\u00e8s active et participe tout au long de l\u2019ann\u00e9e \u00e0 des \u00e9v\u00e9nements (t\u00e9l\u00e9thon, rencontres chor\u00e9graphiques,&#8230;), et organise des stages pour faire d\u00e9couvrir de nouveaux styles de danse \u00e0 ses adh\u00e9rents, ainsi qu&rsquo;aux personnes ext\u00e9rieures.\u00a0<\/p>\n\n\n\n<p>L\u2019ann\u00e9e se cl\u00f4ture avec un spectacle, qui permet aux \u00e9l\u00e8ves de montrer tous les progr\u00e8s r\u00e9alis\u00e9s dans l\u2019ann\u00e9e.<\/p>\n\n\n\n<figure class=\"wp-block-image aligncenter size-full is-resized\"><img loading=\"lazy\" decoding=\"async\" width=\"512\" height=\"512\" src=\"https:\/\/kdanse-villemoisson.fr\/wp-content\/uploads\/2024\/08\/cropped-cropped-Logo-Kdanse-Detoure.png\" alt=\"\" class=\"wp-image-62\" style=\"box-shadow:none;width:172px;height:auto\" srcset=\"https:\/\/kdanse-villemoisson.fr\/wp-content\/uploads\/2024\/08\/cropped-cropped-Logo-Kdanse-Detoure.png 512w, https:\/\/kdanse-villemoisson.fr\/wp-content\/uploads\/2024\/08\/cropped-cropped-Logo-Kdanse-Detoure-300x300.png 300w, https:\/\/kdanse-villemoisson.fr\/wp-content\/uploads\/2024\/08\/cropped-cropped-Logo-Kdanse-Detoure-150x150.png 150w, https:\/\/kdanse-villemoisson.fr\/wp-content\/uploads\/2024\/08\/cropped-cropped-Logo-Kdanse-Detoure-270x270.png 270w, https:\/\/kdanse-villemoisson.fr\/wp-content\/uploads\/2024\/08\/cropped-cropped-Logo-Kdanse-Detoure-192x192.png 192w, https:\/\/kdanse-villemoisson.fr\/wp-content\/uploads\/2024\/08\/cropped-cropped-Logo-Kdanse-Detoure-180x180.png 180w, https:\/\/kdanse-villemoisson.fr\/wp-content\/uploads\/2024\/08\/cropped-cropped-Logo-Kdanse-Detoure-32x32.png 32w\" sizes=\"(max-width: 512px) 100vw, 512px\" \/><\/figure>\n\n\n\n<div class=\"wp-block-columns is-layout-flex wp-container-core-columns-is-layout-1 wp-block-columns-is-layout-flex\">\n<div class=\"wp-block-column is-layout-flow wp-block-column-is-layout-flow\">\n<figure class=\"wp-block-image size-large\"><img loading=\"lazy\" decoding=\"async\" width=\"1024\" height=\"638\" src=\"https:\/\/kdanse-villemoisson.fr\/wp-content\/uploads\/2025\/07\/WhatsApp-Image-2025-07-11-at-12.21.04-1024x638.jpeg\" alt=\"\" class=\"wp-image-289\" srcset=\"https:\/\/kdanse-villemoisson.fr\/wp-content\/uploads\/2025\/07\/WhatsApp-Image-2025-07-11-at-12.21.04-1024x638.jpeg 1024w, https:\/\/kdanse-villemoisson.fr\/wp-content\/uploads\/2025\/07\/WhatsApp-Image-2025-07-11-at-12.21.04-300x187.jpeg 300w, https:\/\/kdanse-villemoisson.fr\/wp-content\/uploads\/2025\/07\/WhatsApp-Image-2025-07-11-at-12.21.04-768x479.jpeg 768w, https:\/\/kdanse-villemoisson.fr\/wp-content\/uploads\/2025\/07\/WhatsApp-Image-2025-07-11-at-12.21.04-1536x957.jpeg 1536w, https:\/\/kdanse-villemoisson.fr\/wp-content\/uploads\/2025\/07\/WhatsApp-Image-2025-07-11-at-12.21.04.jpeg 2028w\" sizes=\"(max-width: 1024px) 100vw, 1024px\" \/><\/figure>\n<\/div>\n<\/div>\n\n\n\n<h3 class=\"wp-block-heading has-text-align-center\" style=\"font-size:25px\">Une partie de l&rsquo;\u00e9quipe de professeurs et membres du bureau de l&rsquo;association<\/h3>\n<\/div>\n<\/div>\n","protected":false},"excerpt":{"rendered":"<p>Du travail, de la rigueur et&#8230; avant tout du plaisir! K\u2019danse est la plus ancienne association de danse de Villemoisson. [&hellip;]<\/p>\n","protected":false},"author":2,"featured_media":0,"parent":0,"menu_order":0,"comment_status":"closed","ping_status":"closed","template":"","meta":{"site-sidebar-layout":"default","site-content-layout":"","ast-site-content-layout":"","site-content-style":"default","site-sidebar-style":"default","ast-global-header-display":"","ast-banner-title-visibility":"","ast-main-header-display":"","ast-hfb-above-header-display":"","ast-hfb-below-header-display":"","ast-hfb-mobile-header-display":"","site-post-title":"disabled","ast-breadcrumbs-content":"","ast-featured-img":"","footer-sml-layout":"","theme-transparent-header-meta":"","adv-header-id-meta":"","stick-header-meta":"","header-above-stick-meta":"","header-main-stick-meta":"","header-below-stick-meta":"","astra-migrate-meta-layouts":"default","ast-page-background-enabled":"default","ast-page-background-meta":{"desktop":{"background-color":"var(--ast-global-color-4)","background-image":"","background-repeat":"repeat","background-position":"center center","background-size":"auto","background-attachment":"scroll","background-type":"","background-media":"","overlay-type":"","overlay-color":"","overlay-opacity":"","overlay-gradient":""},"tablet":{"background-color":"","background-image":"","background-repeat":"repeat","background-position":"center center","background-size":"auto","background-attachment":"scroll","background-type":"","background-media":"","overlay-type":"","overlay-color":"","overlay-opacity":"","overlay-gradient":""},"mobile":{"background-color":"","background-image":"","background-repeat":"repeat","background-position":"center center","background-size":"auto","background-attachment":"scroll","background-type":"","background-media":"","overlay-type":"","overlay-color":"","overlay-opacity":"","overlay-gradient":""}},"ast-content-background-meta":{"desktop":{"background-color":"var(--ast-global-color-5)","background-image":"","background-repeat":"repeat","background-position":"center center","background-size":"auto","background-attachment":"scroll","background-type":"","background-media":"","overlay-type":"","overlay-color":"","overlay-opacity":"","overlay-gradient":""},"tablet":{"background-color":"var(--ast-global-color-5)","background-image":"","background-repeat":"repeat","background-position":"center center","background-size":"auto","background-attachment":"scroll","background-type":"","background-media":"","overlay-type":"","overlay-color":"","overlay-opacity":"","overlay-gradient":""},"mobile":{"background-color":"var(--ast-global-color-5)","background-image":"","background-repeat":"repeat","background-position":"center center","background-size":"auto","background-attachment":"scroll","background-type":"","background-media":"","overlay-type":"","overlay-color":"","overlay-opacity":"","overlay-gradient":""}},"footnotes":""},"class_list":["post-132","page","type-page","status-publish","hentry"],"_links":{"self":[{"href":"https:\/\/kdanse-villemoisson.fr\/index.php\/wp-json\/wp\/v2\/pages\/132"}],"collection":[{"href":"https:\/\/kdanse-villemoisson.fr\/index.php\/wp-json\/wp\/v2\/pages"}],"about":[{"href":"https:\/\/kdanse-villemoisson.fr\/index.php\/wp-json\/wp\/v2\/types\/page"}],"author":[{"embeddable":true,"href":"https:\/\/kdanse-villemoisson.fr\/index.php\/wp-json\/wp\/v2\/users\/2"}],"replies":[{"embeddable":true,"href":"https:\/\/kdanse-villemoisson.fr\/index.php\/wp-json\/wp\/v2\/comments?post=132"}],"version-history":[{"count":10,"href":"https:\/\/kdanse-villemoisson.fr\/index.php\/wp-json\/wp\/v2\/pages\/132\/revisions"}],"predecessor-version":[{"id":312,"href":"https:\/\/kdanse-villemoisson.fr\/index.php\/wp-json\/wp\/v2\/pages\/132\/revisions\/312"}],"wp:attachment":[{"href":"https:\/\/kdanse-villemoisson.fr\/index.php\/wp-json\/wp\/v2\/media?parent=132"}],"curies":[{"name":"wp","href":"https:\/\/api.w.org\/{rel}","templated":true}]}}