{"id":215,"date":"2024-10-17T10:28:10","date_gmt":"2024-10-17T08:28:10","guid":{"rendered":"https:\/\/kdanse-villemoisson.fr\/?page_id=215"},"modified":"2026-01-19T13:49:51","modified_gmt":"2026-01-19T12:49:51","slug":"stages","status":"publish","type":"page","link":"https:\/\/kdanse-villemoisson.fr\/index.php\/stages\/","title":{"rendered":"Stages"},"content":{"rendered":"\n<div class=\"wp-block-cover alignfull\"><span aria-hidden=\"true\" class=\"wp-block-cover__background has-background-dim\"><\/span><img loading=\"lazy\" decoding=\"async\" width=\"1024\" height=\"410\" class=\"wp-block-cover__image-background wp-image-216\" alt=\"\" src=\"https:\/\/kdanse-villemoisson.fr\/wp-content\/uploads\/2024\/10\/Banniere-photo-2000x800-1-1024x410.png\" data-object-fit=\"cover\" srcset=\"https:\/\/kdanse-villemoisson.fr\/wp-content\/uploads\/2024\/10\/Banniere-photo-2000x800-1-1024x410.png 1024w, https:\/\/kdanse-villemoisson.fr\/wp-content\/uploads\/2024\/10\/Banniere-photo-2000x800-1-300x120.png 300w, https:\/\/kdanse-villemoisson.fr\/wp-content\/uploads\/2024\/10\/Banniere-photo-2000x800-1-768x307.png 768w, https:\/\/kdanse-villemoisson.fr\/wp-content\/uploads\/2024\/10\/Banniere-photo-2000x800-1-1536x614.png 1536w, https:\/\/kdanse-villemoisson.fr\/wp-content\/uploads\/2024\/10\/Banniere-photo-2000x800-1.png 2000w\" sizes=\"(max-width: 1024px) 100vw, 1024px\" \/><div class=\"wp-block-cover__inner-container is-layout-flow wp-block-cover-is-layout-flow\">\n<p class=\"has-text-align-center has-x-large-font-size\">STAGES<\/p>\n<\/div><\/div>\n\n\n\n<div class=\"wp-block-media-text is-stacked-on-mobile\" style=\"margin-top:0;margin-bottom:0;padding-top:var(--wp--preset--spacing--50);padding-bottom:var(--wp--preset--spacing--50)\"><figure class=\"wp-block-media-text__media\"><img loading=\"lazy\" decoding=\"async\" width=\"724\" height=\"1024\" src=\"https:\/\/kdanse-villemoisson.fr\/wp-content\/uploads\/2026\/01\/Kdanse-affiches-rentree-et-spectacles-9-724x1024.png\" alt=\"\" class=\"wp-image-315 size-full\" srcset=\"https:\/\/kdanse-villemoisson.fr\/wp-content\/uploads\/2026\/01\/Kdanse-affiches-rentree-et-spectacles-9-724x1024.png 724w, https:\/\/kdanse-villemoisson.fr\/wp-content\/uploads\/2026\/01\/Kdanse-affiches-rentree-et-spectacles-9-212x300.png 212w, https:\/\/kdanse-villemoisson.fr\/wp-content\/uploads\/2026\/01\/Kdanse-affiches-rentree-et-spectacles-9-768x1086.png 768w, https:\/\/kdanse-villemoisson.fr\/wp-content\/uploads\/2026\/01\/Kdanse-affiches-rentree-et-spectacles-9-1086x1536.png 1086w, https:\/\/kdanse-villemoisson.fr\/wp-content\/uploads\/2026\/01\/Kdanse-affiches-rentree-et-spectacles-9-1448x2048.png 1448w, https:\/\/kdanse-villemoisson.fr\/wp-content\/uploads\/2026\/01\/Kdanse-affiches-rentree-et-spectacles-9.png 1587w\" sizes=\"(max-width: 724px) 100vw, 724px\" \/><\/figure><div class=\"wp-block-media-text__content\">\n<h3 class=\"wp-block-heading\">14 f\u00e9vrier 2026<\/h3>\n\n\n\n<h1 class=\"wp-block-heading has-large-font-size\">Stage Salsa<\/h1>\n\n\n\n<p>Avec Ghadi Mourad<\/p>\n\n\n\n<p><strong>14h30-16h <\/strong><\/p>\n\n\n\n<p>La salsa est une danse dynamique et expressive, n\u00e9e de la rencontre des cultures latino-am\u00e9ricaines et carib\u00e9ennes. Elle se danse en couple, sur des rythmes entra\u00eenants, et se caract\u00e9rise par des pas rapides, des mouvements de hanches fluides et une forte connexion entre les partenaires. Joyeuse et conviviale, la salsa invite au partage, \u00e0 l\u2019improvisation et \u00e0 l\u2019expression du corps. \ud83d\udc83\ud83d\udd7a<\/p>\n\n\n\n<h3 class=\"wp-block-heading has-text-align-center\">Inscriptions exclusivement en ligne sur Helloasso<\/h3>\n\n\n\n<div class=\"wp-block-buttons is-content-justification-center is-layout-flex wp-container-core-buttons-is-layout-1 wp-block-buttons-is-layout-flex\">\n<div class=\"wp-block-button\"><a class=\"wp-block-button__link has-text-align-center wp-element-button\" href=\"https:\/\/www.helloasso.com\/associations\/k-danse-villemoisson\/evenements\/stage-salsa\">Je m&rsquo;inscris<\/a><\/div>\n<\/div>\n<\/div><\/div>\n","protected":false},"excerpt":{"rendered":"","protected":false},"author":2,"featured_media":0,"parent":0,"menu_order":0,"comment_status":"closed","ping_status":"closed","template":"","meta":{"site-sidebar-layout":"default","site-content-layout":"","ast-site-content-layout":"","site-content-style":"default","site-sidebar-style":"default","ast-global-header-display":"","ast-banner-title-visibility":"","ast-main-header-display":"","ast-hfb-above-header-display":"","ast-hfb-below-header-display":"","ast-hfb-mobile-header-display":"","site-post-title":"disabled","ast-breadcrumbs-content":"","ast-featured-img":"","footer-sml-layout":"","theme-transparent-header-meta":"","adv-header-id-meta":"","stick-header-meta":"","header-above-stick-meta":"","header-main-stick-meta":"","header-below-stick-meta":"","astra-migrate-meta-layouts":"default","ast-page-background-enabled":"default","ast-page-background-meta":{"desktop":{"background-color":"var(--ast-global-color-4)","background-image":"","background-repeat":"repeat","background-position":"center center","background-size":"auto","background-attachment":"scroll","background-type":"","background-media":"","overlay-type":"","overlay-color":"","overlay-opacity":"","overlay-gradient":""},"tablet":{"background-color":"","background-image":"","background-repeat":"repeat","background-position":"center center","background-size":"auto","background-attachment":"scroll","background-type":"","background-media":"","overlay-type":"","overlay-color":"","overlay-opacity":"","overlay-gradient":""},"mobile":{"background-color":"","background-image":"","background-repeat":"repeat","background-position":"center center","background-size":"auto","background-attachment":"scroll","background-type":"","background-media":"","overlay-type":"","overlay-color":"","overlay-opacity":"","overlay-gradient":""}},"ast-content-background-meta":{"desktop":{"background-color":"var(--ast-global-color-5)","background-image":"","background-repeat":"repeat","background-position":"center center","background-size":"auto","background-attachment":"scroll","background-type":"","background-media":"","overlay-type":"","overlay-color":"","overlay-opacity":"","overlay-gradient":""},"tablet":{"background-color":"var(--ast-global-color-5)","background-image":"","background-repeat":"repeat","background-position":"center center","background-size":"auto","background-attachment":"scroll","background-type":"","background-media":"","overlay-type":"","overlay-color":"","overlay-opacity":"","overlay-gradient":""},"mobile":{"background-color":"var(--ast-global-color-5)","background-image":"","background-repeat":"repeat","background-position":"center center","background-size":"auto","background-attachment":"scroll","background-type":"","background-media":"","overlay-type":"","overlay-color":"","overlay-opacity":"","overlay-gradient":""}},"footnotes":""},"class_list":["post-215","page","type-page","status-publish","hentry"],"_links":{"self":[{"href":"https:\/\/kdanse-villemoisson.fr\/index.php\/wp-json\/wp\/v2\/pages\/215"}],"collection":[{"href":"https:\/\/kdanse-villemoisson.fr\/index.php\/wp-json\/wp\/v2\/pages"}],"about":[{"href":"https:\/\/kdanse-villemoisson.fr\/index.php\/wp-json\/wp\/v2\/types\/page"}],"author":[{"embeddable":true,"href":"https:\/\/kdanse-villemoisson.fr\/index.php\/wp-json\/wp\/v2\/users\/2"}],"replies":[{"embeddable":true,"href":"https:\/\/kdanse-villemoisson.fr\/index.php\/wp-json\/wp\/v2\/comments?post=215"}],"version-history":[{"count":7,"href":"https:\/\/kdanse-villemoisson.fr\/index.php\/wp-json\/wp\/v2\/pages\/215\/revisions"}],"predecessor-version":[{"id":316,"href":"https:\/\/kdanse-villemoisson.fr\/index.php\/wp-json\/wp\/v2\/pages\/215\/revisions\/316"}],"wp:attachment":[{"href":"https:\/\/kdanse-villemoisson.fr\/index.php\/wp-json\/wp\/v2\/media?parent=215"}],"curies":[{"name":"wp","href":"https:\/\/api.w.org\/{rel}","templated":true}]}}