{"id":7,"date":"2024-08-02T14:41:02","date_gmt":"2024-08-02T14:41:02","guid":{"rendered":"https:\/\/kdanse-villemoisson.fr\/?page_id=7"},"modified":"2026-01-19T14:30:43","modified_gmt":"2026-01-19T13:30:43","slug":"home","status":"publish","type":"page","link":"https:\/\/kdanse-villemoisson.fr\/","title":{"rendered":"Accueil"},"content":{"rendered":"\n<div class=\"wp-block-cover alignfull\" style=\"min-height:720px;aspect-ratio:unset;\"><span aria-hidden=\"true\" class=\"wp-block-cover__background has-ast-global-color-8-background-color has-background-dim\"><\/span><img loading=\"lazy\" decoding=\"async\" width=\"2560\" height=\"1707\" class=\"wp-block-cover__image-background wp-image-188\" alt=\"\" src=\"https:\/\/kdanse-villemoisson.fr\/wp-content\/uploads\/2024\/08\/0650-scaled.jpg\" data-object-fit=\"cover\" srcset=\"https:\/\/kdanse-villemoisson.fr\/wp-content\/uploads\/2024\/08\/0650-scaled.jpg 2560w, https:\/\/kdanse-villemoisson.fr\/wp-content\/uploads\/2024\/08\/0650-300x200.jpg 300w, https:\/\/kdanse-villemoisson.fr\/wp-content\/uploads\/2024\/08\/0650-1024x683.jpg 1024w, https:\/\/kdanse-villemoisson.fr\/wp-content\/uploads\/2024\/08\/0650-768x512.jpg 768w, https:\/\/kdanse-villemoisson.fr\/wp-content\/uploads\/2024\/08\/0650-1536x1024.jpg 1536w, https:\/\/kdanse-villemoisson.fr\/wp-content\/uploads\/2024\/08\/0650-2048x1365.jpg 2048w\" sizes=\"(max-width: 2560px) 100vw, 2560px\" \/><div class=\"wp-block-cover__inner-container is-layout-flow wp-block-cover-is-layout-flow\">\n<h1 class=\"wp-block-heading has-text-align-left has-white-color has-text-color\">K&rsquo;DANSE<\/h1>\n\n\n\n<p class=\"has-large-font-size\">Du travail, de la rigueur, et &#8230; avant tout du plaisir !<\/p>\n\n\n\n<div class=\"wp-block-buttons is-layout-flex wp-block-buttons-is-layout-flex\">\n<div class=\"wp-block-button\"><a class=\"wp-block-button__link wp-element-button\" href=\"https:\/\/kdanse-villemoisson.fr\/wp-content\/uploads\/2025\/09\/PLANNING-2025-2026-1.pdf\">Planning pr\u00e9visionnel des cours 2025-2026<\/a><\/div>\n\n\n\n<div class=\"wp-block-button\"><a class=\"wp-block-button__link wp-element-button\" href=\"https:\/\/kdanse-villemoisson.fr\/wp-content\/uploads\/2025\/09\/Bulletin-inscription-2025-2026.docx-Google-Docs.pdf\">Bulletin d&rsquo;inscription<\/a><\/div>\n\n\n\n<div class=\"wp-block-button\"><a class=\"wp-block-button__link wp-element-button\" href=\"https:\/\/kdanse-villemoisson.fr\/wp-content\/uploads\/2025\/07\/Note-de-rentree-2025-2026.pdf\">Note de rentr\u00e9e 2025-2026<\/a><\/div>\n<\/div>\n\n\n\n<div class=\"wp-block-columns is-layout-flex wp-container-core-columns-is-layout-2 wp-block-columns-is-layout-flex\">\n<div class=\"wp-block-column is-layout-flow wp-block-column-is-layout-flow\" style=\"flex-basis:100%\">\n<div class=\"wp-block-columns is-layout-flex wp-container-core-columns-is-layout-1 wp-block-columns-is-layout-flex\">\n<div class=\"wp-block-column is-layout-flow wp-block-column-is-layout-flow\" style=\"flex-basis:100%\"><\/div>\n<\/div>\n<\/div>\n<\/div>\n<\/div><\/div>\n\n\n\n<hr class=\"wp-block-separator has-alpha-channel-opacity\" style=\"margin-top:var(--wp--preset--spacing--60);margin-bottom:var(--wp--preset--spacing--60)\"\/>\n\n\n\n<div class=\"wp-block-media-text is-stacked-on-mobile is-vertically-aligned-center\" style=\"grid-template-columns:27% auto\"><figure class=\"wp-block-media-text__media\"><img loading=\"lazy\" decoding=\"async\" width=\"800\" height=\"800\" src=\"https:\/\/kdanse-villemoisson.fr\/wp-content\/uploads\/2024\/08\/1-1.png\" alt=\"\" class=\"wp-image-39 size-full\" srcset=\"https:\/\/kdanse-villemoisson.fr\/wp-content\/uploads\/2024\/08\/1-1.png 800w, https:\/\/kdanse-villemoisson.fr\/wp-content\/uploads\/2024\/08\/1-1-300x300.png 300w, https:\/\/kdanse-villemoisson.fr\/wp-content\/uploads\/2024\/08\/1-1-150x150.png 150w, https:\/\/kdanse-villemoisson.fr\/wp-content\/uploads\/2024\/08\/1-1-768x768.png 768w\" sizes=\"(max-width: 800px) 100vw, 800px\" \/><\/figure><div class=\"wp-block-media-text__content\">\n<h2 class=\"wp-block-heading has-text-align-left\"><strong>Nos actualit\u00e9s<\/strong><\/h2>\n\n\n\n<div class=\"wp-block-columns are-vertically-aligned-center is-layout-flex wp-container-core-columns-is-layout-3 wp-block-columns-is-layout-flex\">\n<div class=\"wp-block-column is-vertically-aligned-center is-layout-flow wp-block-column-is-layout-flow\" style=\"flex-basis:100%\"><\/div>\n\n\n\n<div class=\"wp-block-column is-layout-flow wp-block-column-is-layout-flow\"><\/div>\n\n\n\n<div class=\"wp-block-column is-layout-flow wp-block-column-is-layout-flow\"><\/div>\n<\/div>\n<\/div><\/div>\n\n\n\n<div class=\"wp-block-media-text has-media-on-the-right is-stacked-on-mobile is-vertically-aligned-center\" style=\"grid-template-columns:auto 27%\"><div class=\"wp-block-media-text__content\">\n<h2 class=\"wp-block-heading has-text-align-right\">Stage Salsa &#8211; 14 f\u00e9vrier<\/h2>\n\n\n\n<div class=\"wp-block-columns is-layout-flex wp-container-core-columns-is-layout-4 wp-block-columns-is-layout-flex\">\n<div class=\"wp-block-column is-layout-flow wp-block-column-is-layout-flow\" style=\"flex-basis:100%\">\n<div class=\"wp-block-buttons is-content-justification-right is-layout-flex wp-container-core-buttons-is-layout-2 wp-block-buttons-is-layout-flex\">\n<div class=\"wp-block-button\"><a class=\"wp-block-button__link has-text-align-right wp-element-button\" href=\"https:\/\/www.helloasso.com\/associations\/k-danse-villemoisson\/evenements\/stage-salsa\" target=\"_blank\" rel=\"noreferrer noopener\">Inscriptions<\/a><\/div>\n<\/div>\n\n\n\n<p class=\"has-text-align-right\"><a href=\"https:\/\/kdanse-villemoisson.fr\/index.php\/stages\/\" data-type=\"page\" data-id=\"215\">En savoir plus<\/a><\/p>\n<\/div>\n<\/div>\n<\/div><figure class=\"wp-block-media-text__media\"><img loading=\"lazy\" decoding=\"async\" width=\"724\" height=\"1024\" src=\"https:\/\/kdanse-villemoisson.fr\/wp-content\/uploads\/2026\/01\/Kdanse-affiches-rentree-et-spectacles-9-1-724x1024.png\" alt=\"\" class=\"wp-image-318 size-full\" srcset=\"https:\/\/kdanse-villemoisson.fr\/wp-content\/uploads\/2026\/01\/Kdanse-affiches-rentree-et-spectacles-9-1-724x1024.png 724w, https:\/\/kdanse-villemoisson.fr\/wp-content\/uploads\/2026\/01\/Kdanse-affiches-rentree-et-spectacles-9-1-212x300.png 212w, https:\/\/kdanse-villemoisson.fr\/wp-content\/uploads\/2026\/01\/Kdanse-affiches-rentree-et-spectacles-9-1-768x1086.png 768w, https:\/\/kdanse-villemoisson.fr\/wp-content\/uploads\/2026\/01\/Kdanse-affiches-rentree-et-spectacles-9-1-1086x1536.png 1086w, https:\/\/kdanse-villemoisson.fr\/wp-content\/uploads\/2026\/01\/Kdanse-affiches-rentree-et-spectacles-9-1-1448x2048.png 1448w, https:\/\/kdanse-villemoisson.fr\/wp-content\/uploads\/2026\/01\/Kdanse-affiches-rentree-et-spectacles-9-1.png 1587w\" sizes=\"(max-width: 724px) 100vw, 724px\" \/><\/figure><\/div>\n\n\n\n<div class=\"wp-block-media-text is-stacked-on-mobile is-vertically-aligned-center\" style=\"grid-template-columns:27% auto\"><figure class=\"wp-block-media-text__media\"><video controls src=\"https:\/\/kdanse-villemoisson.fr\/wp-content\/uploads\/2025\/03\/carousel-sweatshirts-kdanse.mp4\"><\/video><\/figure><div class=\"wp-block-media-text__content\">\n<h2 class=\"wp-block-heading\">Commandez votre sweatshirt K&rsquo;danse !<\/h2>\n\n\n\n<div class=\"wp-block-columns is-layout-flex wp-container-core-columns-is-layout-5 wp-block-columns-is-layout-flex\">\n<div class=\"wp-block-column is-layout-flow wp-block-column-is-layout-flow\" style=\"flex-basis:100%\">\n<div class=\"wp-block-buttons is-layout-flex wp-block-buttons-is-layout-flex\">\n<div class=\"wp-block-button\"><a class=\"wp-block-button__link wp-element-button\" href=\"https:\/\/kdanse-villemoisson.fr\/wp-content\/uploads\/2025\/03\/Bon-commande-sweatshirts-Kdanse-2025.pdf\" target=\"_blank\" rel=\"noreferrer noopener\">Bon de commande<\/a><\/div>\n<\/div>\n<\/div>\n<\/div>\n<\/div><\/div>\n\n\n\n<div class=\"wp-block-group alignfull has-ast-global-color-5-background-color has-background is-layout-constrained wp-container-core-group-is-layout-2 wp-block-group-is-layout-constrained\" id=\"about\" style=\"padding-top:14px;padding-bottom:0px\">\n<div class=\"wp-block-media-text has-media-on-the-right is-stacked-on-mobile is-vertically-aligned-center\" style=\"grid-template-columns:auto 30%\"><div class=\"wp-block-media-text__content\">\n<div class=\"inherit-container-width wp-block-group is-layout-constrained wp-container-core-group-is-layout-1 wp-block-group-is-layout-constrained\" style=\"padding-right:80px\">\n<h2 class=\"wp-block-heading has-text-align-center has-medium-font-size\" style=\"padding-right:0px\"><strong>BIENVENUE SUR LE SITE DE K&rsquo;DANSE<\/strong><\/h2>\n\n\n\n<p class=\"has-text-align-center\" style=\"padding-top:0;padding-right:0;padding-bottom:0;padding-left:0\"><strong>\u00c9cole de danse \u00e0 Villemoisson sur Orge, depuis 1979<\/strong><\/p>\n\n\n\n<p class=\"has-text-align-center\">K&rsquo;danse est une association de danse bas\u00e9e \u00e0 Villemoisson sur Orge. Cr\u00e9\u00e9e en 1979, elle accueille enfants, adolescents et adultes dans des cours de Danse Modern Jazz, Classique, Hip Hop, Rock et danses de salon (en couple ou en solo), mais aussi de nombreuses autres disciplines comme le Pilate, la Zumba\u00ae, ainsi que la relaxation sophrologique<\/p>\n\n\n\n<div class=\"wp-block-buttons is-horizontal is-content-justification-center is-layout-flex wp-container-core-buttons-is-layout-4 wp-block-buttons-is-layout-flex\" style=\"margin-top:0;margin-bottom:0\">\n<div class=\"wp-block-button\"><a class=\"wp-block-button__link has-text-align-center wp-element-button\" href=\"https:\/\/kdanse-villemoisson.fr\/index.php\/lassociation\/\">A propos de K&rsquo;danse<\/a><\/div>\n<\/div>\n<\/div>\n<\/div><figure class=\"wp-block-media-text__media\"><img loading=\"lazy\" decoding=\"async\" width=\"800\" height=\"800\" src=\"https:\/\/kdanse-villemoisson.fr\/wp-content\/uploads\/2024\/08\/21.png\" alt=\"\" class=\"wp-image-201 size-full\" srcset=\"https:\/\/kdanse-villemoisson.fr\/wp-content\/uploads\/2024\/08\/21.png 800w, https:\/\/kdanse-villemoisson.fr\/wp-content\/uploads\/2024\/08\/21-300x300.png 300w, https:\/\/kdanse-villemoisson.fr\/wp-content\/uploads\/2024\/08\/21-150x150.png 150w, https:\/\/kdanse-villemoisson.fr\/wp-content\/uploads\/2024\/08\/21-768x768.png 768w\" sizes=\"(max-width: 800px) 100vw, 800px\" \/><\/figure><\/div>\n<\/div>\n\n\n\n<p><\/p>\n\n\n\n<p><\/p>\n\n\n\n<h2 class=\"wp-block-heading has-text-align-center\">Cours de danse Modern-Jazz, Classique, Hip-Hop, Pilates, Zumba, Rock et danses de salon en Essonne<\/h2>\n\n\n\n<div class=\"wp-block-columns alignwide are-vertically-aligned-top is-layout-flex wp-container-core-columns-is-layout-6 wp-block-columns-is-layout-flex\" style=\"padding-top:var(--wp--preset--spacing--20);padding-bottom:var(--wp--preset--spacing--20)\">\n<div class=\"wp-block-column is-vertically-aligned-top is-layout-flow wp-block-column-is-layout-flow\">\n<figure class=\"wp-block-image size-large is-style-rounded wp-duotone-grayscale\"><img loading=\"lazy\" decoding=\"async\" width=\"683\" height=\"1024\" src=\"https:\/\/kdanse-villemoisson.fr\/wp-content\/uploads\/2024\/08\/0803-683x1024.jpg\" alt=\"\" class=\"wp-image-104\" style=\"aspect-ratio:1;object-fit:cover\" srcset=\"https:\/\/kdanse-villemoisson.fr\/wp-content\/uploads\/2024\/08\/0803-683x1024.jpg 683w, https:\/\/kdanse-villemoisson.fr\/wp-content\/uploads\/2024\/08\/0803-200x300.jpg 200w, https:\/\/kdanse-villemoisson.fr\/wp-content\/uploads\/2024\/08\/0803-768x1152.jpg 768w, https:\/\/kdanse-villemoisson.fr\/wp-content\/uploads\/2024\/08\/0803-1024x1536.jpg 1024w, https:\/\/kdanse-villemoisson.fr\/wp-content\/uploads\/2024\/08\/0803-1365x2048.jpg 1365w, https:\/\/kdanse-villemoisson.fr\/wp-content\/uploads\/2024\/08\/0803-scaled.jpg 1707w\" sizes=\"(max-width: 683px) 100vw, 683px\" \/><\/figure>\n\n\n\n<h3 class=\"wp-block-heading has-text-align-center\">Modern Jazz<\/h3>\n<\/div>\n\n\n\n<div class=\"wp-block-column is-vertically-aligned-top is-layout-flow wp-block-column-is-layout-flow\">\n<figure class=\"wp-block-image size-full is-style-rounded wp-duotone-grayscale\"><img loading=\"lazy\" decoding=\"async\" width=\"800\" height=\"800\" src=\"https:\/\/kdanse-villemoisson.fr\/wp-content\/uploads\/2024\/08\/2-1.png\" alt=\"\" class=\"wp-image-40\" style=\"aspect-ratio:1;object-fit:cover\" srcset=\"https:\/\/kdanse-villemoisson.fr\/wp-content\/uploads\/2024\/08\/2-1.png 800w, https:\/\/kdanse-villemoisson.fr\/wp-content\/uploads\/2024\/08\/2-1-300x300.png 300w, https:\/\/kdanse-villemoisson.fr\/wp-content\/uploads\/2024\/08\/2-1-150x150.png 150w, https:\/\/kdanse-villemoisson.fr\/wp-content\/uploads\/2024\/08\/2-1-768x768.png 768w\" sizes=\"(max-width: 800px) 100vw, 800px\" \/><\/figure>\n\n\n\n<h3 class=\"wp-block-heading has-text-align-center\">Danse classique<\/h3>\n<\/div>\n\n\n\n<div class=\"wp-block-column is-vertically-aligned-top is-layout-flow wp-block-column-is-layout-flow\">\n<figure class=\"wp-block-image size-full is-style-rounded wp-duotone-grayscale\"><img loading=\"lazy\" decoding=\"async\" width=\"800\" height=\"800\" src=\"https:\/\/kdanse-villemoisson.fr\/wp-content\/uploads\/2024\/08\/3-1.png\" alt=\"\" class=\"wp-image-42\" style=\"aspect-ratio:1;object-fit:cover\" srcset=\"https:\/\/kdanse-villemoisson.fr\/wp-content\/uploads\/2024\/08\/3-1.png 800w, https:\/\/kdanse-villemoisson.fr\/wp-content\/uploads\/2024\/08\/3-1-300x300.png 300w, https:\/\/kdanse-villemoisson.fr\/wp-content\/uploads\/2024\/08\/3-1-150x150.png 150w, https:\/\/kdanse-villemoisson.fr\/wp-content\/uploads\/2024\/08\/3-1-768x768.png 768w\" sizes=\"(max-width: 800px) 100vw, 800px\" \/><\/figure>\n\n\n\n<h3 class=\"wp-block-heading has-text-align-center\">Hip hop<\/h3>\n<\/div>\n\n\n\n<div class=\"wp-block-column is-vertically-aligned-top is-layout-flow wp-block-column-is-layout-flow\">\n<figure class=\"wp-block-image size-full is-style-rounded wp-duotone-grayscale\"><img loading=\"lazy\" decoding=\"async\" width=\"800\" height=\"800\" src=\"https:\/\/kdanse-villemoisson.fr\/wp-content\/uploads\/2024\/08\/7-1.png\" alt=\"\" class=\"wp-image-35\" style=\"aspect-ratio:1;object-fit:cover\" srcset=\"https:\/\/kdanse-villemoisson.fr\/wp-content\/uploads\/2024\/08\/7-1.png 800w, https:\/\/kdanse-villemoisson.fr\/wp-content\/uploads\/2024\/08\/7-1-300x300.png 300w, https:\/\/kdanse-villemoisson.fr\/wp-content\/uploads\/2024\/08\/7-1-150x150.png 150w, https:\/\/kdanse-villemoisson.fr\/wp-content\/uploads\/2024\/08\/7-1-768x768.png 768w\" sizes=\"(max-width: 800px) 100vw, 800px\" \/><\/figure>\n\n\n\n<h3 class=\"wp-block-heading has-text-align-center\">Danses standard et latines<\/h3>\n<\/div>\n\n\n\n<div class=\"wp-block-column is-vertically-aligned-top is-layout-flow wp-block-column-is-layout-flow\">\n<figure class=\"wp-block-image size-full is-style-rounded wp-duotone-grayscale\"><img loading=\"lazy\" decoding=\"async\" width=\"1066\" height=\"1600\" src=\"https:\/\/kdanse-villemoisson.fr\/wp-content\/uploads\/2025\/09\/WhatsApp-Image-2025-07-22-at-12.10.05-1.jpeg\" alt=\"\" class=\"wp-image-298\" style=\"aspect-ratio:1;object-fit:cover\" srcset=\"https:\/\/kdanse-villemoisson.fr\/wp-content\/uploads\/2025\/09\/WhatsApp-Image-2025-07-22-at-12.10.05-1.jpeg 1066w, https:\/\/kdanse-villemoisson.fr\/wp-content\/uploads\/2025\/09\/WhatsApp-Image-2025-07-22-at-12.10.05-1-200x300.jpeg 200w, https:\/\/kdanse-villemoisson.fr\/wp-content\/uploads\/2025\/09\/WhatsApp-Image-2025-07-22-at-12.10.05-1-682x1024.jpeg 682w, https:\/\/kdanse-villemoisson.fr\/wp-content\/uploads\/2025\/09\/WhatsApp-Image-2025-07-22-at-12.10.05-1-768x1153.jpeg 768w, https:\/\/kdanse-villemoisson.fr\/wp-content\/uploads\/2025\/09\/WhatsApp-Image-2025-07-22-at-12.10.05-1-1023x1536.jpeg 1023w\" sizes=\"(max-width: 1066px) 100vw, 1066px\" \/><\/figure>\n\n\n\n<h3 class=\"wp-block-heading has-text-align-center\">Zumba &amp; Zumba Kids<\/h3>\n<\/div>\n\n\n\n<div class=\"wp-block-column is-vertically-aligned-top is-layout-flow wp-block-column-is-layout-flow\">\n<figure class=\"wp-block-image size-full is-style-rounded wp-duotone-grayscale\"><img loading=\"lazy\" decoding=\"async\" width=\"800\" height=\"800\" src=\"https:\/\/kdanse-villemoisson.fr\/wp-content\/uploads\/2024\/08\/6-1.png\" alt=\"\" class=\"wp-image-34\" style=\"aspect-ratio:1;object-fit:cover\" srcset=\"https:\/\/kdanse-villemoisson.fr\/wp-content\/uploads\/2024\/08\/6-1.png 800w, https:\/\/kdanse-villemoisson.fr\/wp-content\/uploads\/2024\/08\/6-1-300x300.png 300w, https:\/\/kdanse-villemoisson.fr\/wp-content\/uploads\/2024\/08\/6-1-150x150.png 150w, https:\/\/kdanse-villemoisson.fr\/wp-content\/uploads\/2024\/08\/6-1-768x768.png 768w\" sizes=\"(max-width: 800px) 100vw, 800px\" \/><\/figure>\n\n\n\n<h3 class=\"wp-block-heading has-text-align-center\">Pilates<\/h3>\n<\/div>\n<\/div>\n\n\n\n<div class=\"wp-block-group alignfull has-background is-layout-constrained wp-container-core-group-is-layout-3 wp-block-group-is-layout-constrained\" id=\"reviews\" style=\"background-color:#d9fdff\">\n<h4 class=\"wp-block-heading has-text-align-center\" style=\"font-size:26px\">Et de nombreuses autres disciplines \u00e0 d\u00e9couvrir<\/h4>\n\n\n\n<div class=\"wp-block-buttons is-content-justification-center is-layout-flex wp-container-core-buttons-is-layout-5 wp-block-buttons-is-layout-flex\">\n<div class=\"wp-block-button\"><a class=\"wp-block-button__link has-text-align-center wp-element-button\" href=\"https:\/\/kdanse-villemoisson.fr\/index.php\/nos-cours\/\">Nos cours<\/a><\/div>\n<\/div>\n<\/div>\n\n\n\n<p><\/p>\n\n\n\n<div class=\"wp-block-media-text is-stacked-on-mobile\" style=\"grid-template-columns:34% auto\"><figure class=\"wp-block-media-text__media\"><img loading=\"lazy\" decoding=\"async\" width=\"800\" height=\"800\" src=\"https:\/\/kdanse-villemoisson.fr\/wp-content\/uploads\/2024\/08\/19.png\" alt=\"\" class=\"wp-image-193 size-full\" srcset=\"https:\/\/kdanse-villemoisson.fr\/wp-content\/uploads\/2024\/08\/19.png 800w, https:\/\/kdanse-villemoisson.fr\/wp-content\/uploads\/2024\/08\/19-300x300.png 300w, https:\/\/kdanse-villemoisson.fr\/wp-content\/uploads\/2024\/08\/19-150x150.png 150w, https:\/\/kdanse-villemoisson.fr\/wp-content\/uploads\/2024\/08\/19-768x768.png 768w\" sizes=\"(max-width: 800px) 100vw, 800px\" \/><\/figure><div class=\"wp-block-media-text__content\">\n<h3 class=\"wp-block-heading has-x-large-font-size\">Dates importantes \u00e0 venir 2025-2026<\/h3>\n\n\n\n<p>Stages: Stage Salsa 14 f\u00e9vrier 2026<\/p>\n\n\n\n<p>Spectacle de fin d&rsquo;ann\u00e9e: 27-28 juin 2026<\/p>\n<\/div><\/div>\n\n\n\n<div class=\"wp-block-group alignfull is-layout-constrained wp-container-core-group-is-layout-4 wp-block-group-is-layout-constrained\" id=\"whyus\" style=\"padding-top:144px;padding-bottom:144px\">\n<h2 class=\"wp-block-heading has-text-align-center\">Nous contacter<\/h2>\n\n\n\n<div class=\"wp-block-columns is-layout-flex wp-container-core-columns-is-layout-7 wp-block-columns-is-layout-flex\" style=\"margin-top:60px\">\n<div class=\"wp-block-column is-layout-flow wp-container-core-column-is-layout-14 wp-block-column-is-layout-flow\">\n<figure class=\"wp-block-image aligncenter size-full is-resized is-style-rounded\"><img loading=\"lazy\" decoding=\"async\" width=\"800\" height=\"800\" src=\"https:\/\/kdanse-villemoisson.fr\/wp-content\/uploads\/2024\/08\/16-Photoroom.png\" alt=\"\" class=\"wp-image-149\" style=\"width:70px\" srcset=\"https:\/\/kdanse-villemoisson.fr\/wp-content\/uploads\/2024\/08\/16-Photoroom.png 800w, https:\/\/kdanse-villemoisson.fr\/wp-content\/uploads\/2024\/08\/16-Photoroom-300x300.png 300w, https:\/\/kdanse-villemoisson.fr\/wp-content\/uploads\/2024\/08\/16-Photoroom-150x150.png 150w, https:\/\/kdanse-villemoisson.fr\/wp-content\/uploads\/2024\/08\/16-Photoroom-768x768.png 768w\" sizes=\"(max-width: 800px) 100vw, 800px\" \/><\/figure>\n\n\n\n<h3 class=\"wp-block-heading has-text-align-center\" style=\"margin-top:16px\">Adresse<\/h3>\n\n\n\n<p class=\"has-text-align-center\">22 avenue du Grand Orme              91360 Villemoisson sur Orge<\/p>\n<\/div>\n\n\n\n<div class=\"wp-block-column is-layout-flow wp-container-core-column-is-layout-15 wp-block-column-is-layout-flow\">\n<figure class=\"wp-block-image aligncenter size-full is-resized is-style-rounded\"><img loading=\"lazy\" decoding=\"async\" width=\"800\" height=\"800\" src=\"https:\/\/kdanse-villemoisson.fr\/wp-content\/uploads\/2024\/08\/17.png\" alt=\"\" class=\"wp-image-150\" style=\"width:70px\" srcset=\"https:\/\/kdanse-villemoisson.fr\/wp-content\/uploads\/2024\/08\/17.png 800w, https:\/\/kdanse-villemoisson.fr\/wp-content\/uploads\/2024\/08\/17-300x300.png 300w, https:\/\/kdanse-villemoisson.fr\/wp-content\/uploads\/2024\/08\/17-150x150.png 150w, https:\/\/kdanse-villemoisson.fr\/wp-content\/uploads\/2024\/08\/17-768x768.png 768w\" sizes=\"(max-width: 800px) 100vw, 800px\" \/><\/figure>\n\n\n\n<h3 class=\"wp-block-heading has-text-align-center\" style=\"margin-top:16px\">T\u00e9l\u00e9phone<\/h3>\n\n\n\n<p class=\"has-text-align-center\">06 25 32 35 29<\/p>\n<\/div>\n\n\n\n<div class=\"wp-block-column is-layout-flow wp-container-core-column-is-layout-16 wp-block-column-is-layout-flow\">\n<figure class=\"wp-block-image aligncenter size-full is-resized is-style-rounded\"><img loading=\"lazy\" decoding=\"async\" width=\"800\" height=\"800\" src=\"https:\/\/kdanse-villemoisson.fr\/wp-content\/uploads\/2024\/08\/18.png\" alt=\"\" class=\"wp-image-152\" style=\"width:70px\" srcset=\"https:\/\/kdanse-villemoisson.fr\/wp-content\/uploads\/2024\/08\/18.png 800w, https:\/\/kdanse-villemoisson.fr\/wp-content\/uploads\/2024\/08\/18-300x300.png 300w, https:\/\/kdanse-villemoisson.fr\/wp-content\/uploads\/2024\/08\/18-150x150.png 150w, https:\/\/kdanse-villemoisson.fr\/wp-content\/uploads\/2024\/08\/18-768x768.png 768w\" sizes=\"(max-width: 800px) 100vw, 800px\" \/><\/figure>\n\n\n\n<h3 class=\"wp-block-heading has-text-align-center\" style=\"margin-top:16px\">E-mail<\/h3>\n\n\n\n<p class=\"has-text-align-center\">kdanse.villemoisson@yahoo.fr<\/p>\n<\/div>\n<\/div>\n<\/div>\n\n\n\n<div class=\"wp-block-group alignfull has-background is-layout-constrained wp-container-core-group-is-layout-5 wp-block-group-is-layout-constrained\" id=\"contact\" style=\"background:linear-gradient(35deg,rgb(19,40,40) 0%,rgb(32,166,170) 64%,rgb(200,254,255) 98%);padding-top:104px;padding-bottom:104px\">\n<h2 class=\"wp-block-heading has-text-align-center has-text-color\" style=\"color:#ffffff\">Rejoignez-nous ! <\/h2>\n\n\n\n<div class=\"wp-block-buttons alignwide is-horizontal is-content-justification-center is-layout-flex wp-container-core-buttons-is-layout-6 wp-block-buttons-is-layout-flex\" style=\"margin-top:50px\">\n<div class=\"wp-block-button\"><a class=\"wp-block-button__link wp-element-button\" href=\"https:\/\/kdanse-villemoisson.fr\/wp-content\/uploads\/2025\/07\/Bulletin-inscription-2025-2026.docx-1.pdf\">Bulletin d&rsquo;inscription<\/a><\/div>\n<\/div>\n\n\n\n<p class=\"has-text-align-center has-ast-global-color-5-color has-text-color has-link-color wp-elements-88331d5573e1a7650a53484d18ea8628\">Cours de danse Jazz, Classique, Zumba, Hip hop, Rock, Danses latines et standard (danse de salon), Pilates, Fitness, Stretching, Renforcement musculaire, Yoga, sophrologie&#8230; de niveau d\u00e9butant \u00e0 avanc\u00e9, enfants, adolescents et adultes<\/p>\n<\/div>\n","protected":false},"excerpt":{"rendered":"<p>BIENVENUE SUR LE SITE DE K&rsquo;DANSE \u00c9cole de danse \u00e0 Villemoisson sur Orge, depuis 1979 K&rsquo;danse est une association de [&hellip;]<\/p>\n","protected":false},"author":1,"featured_media":0,"parent":0,"menu_order":0,"comment_status":"closed","ping_status":"closed","template":"","meta":{"site-sidebar-layout":"no-sidebar","site-content-layout":"plain-container","ast-site-content-layout":"","site-content-style":"default","site-sidebar-style":"default","ast-global-header-display":"","ast-banner-title-visibility":"","ast-main-header-display":"","ast-hfb-above-header-display":"","ast-hfb-below-header-display":"","ast-hfb-mobile-header-display":"","site-post-title":"disabled","ast-breadcrumbs-content":"","ast-featured-img":"","footer-sml-layout":"","theme-transparent-header-meta":"enabled","adv-header-id-meta":"","stick-header-meta":"","header-above-stick-meta":"","header-main-stick-meta":"","header-below-stick-meta":"","astra-migrate-meta-layouts":"default","ast-page-background-enabled":"default","ast-page-background-meta":{"desktop":{"background-color":"var(--ast-global-color-4)","background-image":"","background-repeat":"repeat","background-position":"center center","background-size":"auto","background-attachment":"scroll","background-type":"","background-media":"","overlay-type":"","overlay-color":"","overlay-opacity":"","overlay-gradient":""},"tablet":{"background-color":"","background-image":"","background-repeat":"repeat","background-position":"center center","background-size":"auto","background-attachment":"scroll","background-type":"","background-media":"","overlay-type":"","overlay-color":"","overlay-opacity":"","overlay-gradient":""},"mobile":{"background-color":"","background-image":"","background-repeat":"repeat","background-position":"center center","background-size":"auto","background-attachment":"scroll","background-type":"","background-media":"","overlay-type":"","overlay-color":"","overlay-opacity":"","overlay-gradient":""}},"ast-content-background-meta":{"desktop":{"background-color":"var(--ast-global-color-5)","background-image":"","background-repeat":"repeat","background-position":"center center","background-size":"auto","background-attachment":"scroll","background-type":"","background-media":"","overlay-type":"","overlay-color":"","overlay-opacity":"","overlay-gradient":""},"tablet":{"background-color":"var(--ast-global-color-5)","background-image":"","background-repeat":"repeat","background-position":"center center","background-size":"auto","background-attachment":"scroll","background-type":"","background-media":"","overlay-type":"","overlay-color":"","overlay-opacity":"","overlay-gradient":""},"mobile":{"background-color":"var(--ast-global-color-5)","background-image":"","background-repeat":"repeat","background-position":"center center","background-size":"auto","background-attachment":"scroll","background-type":"","background-media":"","overlay-type":"","overlay-color":"","overlay-opacity":"","overlay-gradient":""}},"footnotes":""},"class_list":["post-7","page","type-page","status-publish","hentry"],"_links":{"self":[{"href":"https:\/\/kdanse-villemoisson.fr\/index.php\/wp-json\/wp\/v2\/pages\/7"}],"collection":[{"href":"https:\/\/kdanse-villemoisson.fr\/index.php\/wp-json\/wp\/v2\/pages"}],"about":[{"href":"https:\/\/kdanse-villemoisson.fr\/index.php\/wp-json\/wp\/v2\/types\/page"}],"author":[{"embeddable":true,"href":"https:\/\/kdanse-villemoisson.fr\/index.php\/wp-json\/wp\/v2\/users\/1"}],"replies":[{"embeddable":true,"href":"https:\/\/kdanse-villemoisson.fr\/index.php\/wp-json\/wp\/v2\/comments?post=7"}],"version-history":[{"count":55,"href":"https:\/\/kdanse-villemoisson.fr\/index.php\/wp-json\/wp\/v2\/pages\/7\/revisions"}],"predecessor-version":[{"id":326,"href":"https:\/\/kdanse-villemoisson.fr\/index.php\/wp-json\/wp\/v2\/pages\/7\/revisions\/326"}],"wp:attachment":[{"href":"https:\/\/kdanse-villemoisson.fr\/index.php\/wp-json\/wp\/v2\/media?parent=7"}],"curies":[{"name":"wp","href":"https:\/\/api.w.org\/{rel}","templated":true}]}}